{"id":23,"date":"2014-11-19T08:49:53","date_gmt":"2014-11-19T08:49:53","guid":{"rendered":"http:\/\/norditaliaservizi.com\/?page_id=23"},"modified":"2025-01-14T16:41:43","modified_gmt":"2025-01-14T15:41:43","slug":"presentazione","status":"publish","type":"page","link":"https:\/\/norditaliaservizi.com\/?page_id=23","title":{"rendered":"PRESENTAZIONE"},"content":{"rendered":"<p><strong>Norditalia\u00ae<\/strong> \u00e8 un marchio registrato, garanzia di qualit\u00e0, competenza nella logistica integrata e nei servizi rivolti alle aziende dei pi\u00f9 svariati settori merceologici.<\/p>\n<p>Le risorse umane, la costante ricerca e la selezione del personale, l\u2019assistenza antinfortunistica e la formazione professionale sono gli elementi fondamentali che caratterizzano e completano il nostro successo.<\/p>\n<p>Il <strong>Gruppo Norditalia\u00ae<\/strong> offre la possibilit\u00e0 di affidare mansioni di diversa natura ad integrazione dei cicli aziendali, oltre a sostituzioni per maternit\u00e0, malattia, infortuni ed altro ancora, riducendo i costi e migliorando tempestivamente la funzionalit\u00e0 e la produttivit\u00e0 delle imprese.<\/p>\n<p>Si propone in alternativa, al fine di avviare un rapporto di cooperazione costruttivo e mirato alle soluzioni, in base alle esigenze aziendali, improvvise e non, nel breve e nel lungo periodo.<\/p>\n<p>La convenienza del nostro servizio ci colloca in risalto come la soluzione ottimale da intraprendere in tempi attuali d\u2019instabilit\u00e0 di mercato e difficolt\u00e0 di gestione, creando un riscontro economico immediato da parte del committente. I vantaggi sono molteplici. Ancora una volta, <strong>Norditalia Servizi\u00ae<\/strong> \u00e8 parte integrante del divenire socialmente utile.<\/p>\n<p>Il futuro \u00e8 gi\u00e0 qui.<\/p>\n","protected":false},"excerpt":{"rendered":"<p>Norditalia\u00ae \u00e8 un marchio registrato, garanzia di qualit\u00e0, competenza nella logistica integrata e nei servizi rivolti alle aziende dei pi\u00f9 svariati settori merceologici. Le risorse umane, la costante ricerca e la selezione del personale, l\u2019assistenza antinfortunistica e la formazione professionale sono gli elementi fondamentali che caratterizzano e completano il nostro successo. Il Gruppo Norditalia\u00ae offre la possibilit\u00e0 di affidare mansioni di diversa natura ad integrazione dei cicli aziendali, oltre a sostituzioni per maternit\u00e0, malattia, infortuni ed altro ancora, riducendo i costi e migliorando tempestivamente la funzionalit\u00e0 e la produttivit\u00e0 delle imprese. Si propone in alternativa, al fine di avviare un [&hellip;]<\/p>\n","protected":false},"author":2,"featured_media":0,"parent":0,"menu_order":0,"comment_status":"closed","ping_status":"closed","template":"","meta":{"footnotes":""},"_links":{"self":[{"href":"https:\/\/norditaliaservizi.com\/index.php?rest_route=\/wp\/v2\/pages\/23"}],"collection":[{"href":"https:\/\/norditaliaservizi.com\/index.php?rest_route=\/wp\/v2\/pages"}],"about":[{"href":"https:\/\/norditaliaservizi.com\/index.php?rest_route=\/wp\/v2\/types\/page"}],"author":[{"embeddable":true,"href":"https:\/\/norditaliaservizi.com\/index.php?rest_route=\/wp\/v2\/users\/2"}],"replies":[{"embeddable":true,"href":"https:\/\/norditaliaservizi.com\/index.php?rest_route=%2Fwp%2Fv2%2Fcomments&post=23"}],"version-history":[{"count":3,"href":"https:\/\/norditaliaservizi.com\/index.php?rest_route=\/wp\/v2\/pages\/23\/revisions"}],"predecessor-version":[{"id":200,"href":"https:\/\/norditaliaservizi.com\/index.php?rest_route=\/wp\/v2\/pages\/23\/revisions\/200"}],"wp:attachment":[{"href":"https:\/\/norditaliaservizi.com\/index.php?rest_route=%2Fwp%2Fv2%2Fmedia&parent=23"}],"curies":[{"name":"wp","href":"https:\/\/api.w.org\/{rel}","templated":true}]}}